{"id":227,"date":"2023-11-11T00:23:58","date_gmt":"2023-11-11T00:23:58","guid":{"rendered":"https:\/\/herba.mx\/?page_id=227"},"modified":"2023-12-07T03:23:44","modified_gmt":"2023-12-07T03:23:44","slug":"contacto","status":"publish","type":"page","link":"https:\/\/herba.mx\/index.php\/contacto\/","title":{"rendered":"CONTACTO"},"content":{"rendered":"<p>[et_pb_section fb_built=\u00bb1&#8243; fullwidth=\u00bbon\u00bb _builder_version=\u00bb4.23.1&#8243; _module_preset=\u00bbdefault\u00bb animation_style=\u00bbfade\u00bb global_colors_info=\u00bb{}\u00bb][et_pb_fullwidth_image src=\u00bbhttps:\/\/herba.mx\/wp-content\/uploads\/2023\/11\/cabecera_herba.jpg\u00bb title_text=\u00bbcabecera_herba\u00bb _builder_version=\u00bb4.23.1&#8243; _module_preset=\u00bbdefault\u00bb global_colors_info=\u00bb{}\u00bb][\/et_pb_fullwidth_image][\/et_pb_section][et_pb_section fb_built=\u00bb1&#8243; admin_label=\u00bbFeature\u00bb _builder_version=\u00bb4.23.1&#8243; background_image=\u00bbhttps:\/\/herba.mx\/wp-content\/uploads\/2023\/11\/transportation-services-05.png\u00bb background_size=\u00bbinitial\u00bb background_position=\u00bbtop_left\u00bb custom_padding=\u00bb|||\u00bb bottom_divider_style=\u00bbramp2&#8243; bottom_divider_color=\u00bb#f1f5f9&#8243; bottom_divider_height=\u00bb250px\u00bb locked=\u00bboff\u00bb global_colors_info=\u00bb{}\u00bb][et_pb_row column_structure=\u00bb1_2,1_2&#8243; _builder_version=\u00bb4.23.1&#8243; _module_preset=\u00bbdefault\u00bb global_colors_info=\u00bb{}\u00bb][et_pb_column type=\u00bb1_2&#8243; _builder_version=\u00bb4.23.1&#8243; _module_preset=\u00bbdefault\u00bb global_colors_info=\u00bb{}\u00bb][et_pb_cta title=\u00bbCont\u00e1ctanos. \u00bb button_url=\u00bb#\u00bb _builder_version=\u00bb4.23.1&#8243; header_font=\u00bbMontserrat|700|||||||\u00bb header_font_size=\u00bb36px\u00bb header_line_height=\u00bb1.4em\u00bb body_font=\u00bb||||||||\u00bb body_font_size=\u00bb16px\u00bb body_line_height=\u00bb2em\u00bb use_background_color=\u00bboff\u00bb custom_button=\u00bbon\u00bb button_text_size=\u00bb16px\u00bb button_text_color=\u00bb#ffffff\u00bb button_bg_color=\u00bb#ff5b0c\u00bb button_border_width=\u00bb10px\u00bb button_border_color=\u00bb#ff5b0c\u00bb button_letter_spacing=\u00bb2px\u00bb button_font=\u00bbMontserrat|700|||||||\u00bb button_icon=\u00bb&#x24;||divi||400&#8243; text_orientation=\u00bbleft\u00bb background_layout=\u00bblight\u00bb custom_margin=\u00bb||5px|||\u00bb animation_style=\u00bbslide\u00bb animation_direction=\u00bbtop\u00bb header_font_size_tablet=\u00bb26px\u00bb header_font_size_phone=\u00bb20px\u00bb header_font_size_last_edited=\u00bbon|phone\u00bb global_colors_info=\u00bb{}\u00bb button_text_size__hover_enabled=\u00bboff\u00bb button_one_text_size__hover_enabled=\u00bboff\u00bb button_two_text_size__hover_enabled=\u00bboff\u00bb button_text_color__hover_enabled=\u00bboff\u00bb button_one_text_color__hover_enabled=\u00bboff\u00bb button_two_text_color__hover_enabled=\u00bboff\u00bb button_border_width__hover_enabled=\u00bboff\u00bb button_one_border_width__hover_enabled=\u00bboff\u00bb button_two_border_width__hover_enabled=\u00bboff\u00bb button_border_color__hover_enabled=\u00bboff\u00bb button_one_border_color__hover_enabled=\u00bboff\u00bb button_two_border_color__hover_enabled=\u00bboff\u00bb button_border_radius__hover_enabled=\u00bboff\u00bb button_one_border_radius__hover_enabled=\u00bboff\u00bb button_two_border_radius__hover_enabled=\u00bboff\u00bb button_letter_spacing__hover_enabled=\u00bboff\u00bb button_one_letter_spacing__hover_enabled=\u00bboff\u00bb button_two_letter_spacing__hover_enabled=\u00bboff\u00bb button_bg_color__hover_enabled=\u00bboff\u00bb button_one_bg_color__hover_enabled=\u00bboff\u00bb button_two_bg_color__hover_enabled=\u00bboff\u00bb][\/et_pb_cta][et_pb_image src=\u00bbhttps:\/\/herba.mx\/wp-content\/uploads\/2023\/11\/linea.png\u00bb title_text=\u00bblinea\u00bb _builder_version=\u00bb4.23.1&#8243; _module_preset=\u00bbdefault\u00bb global_colors_info=\u00bb{}\u00bb][\/et_pb_image][et_pb_text _builder_version=\u00bb4.23.1&#8243; _module_preset=\u00bbdefault\u00bb global_colors_info=\u00bb{}\u00bb]<\/p>\n<h4 style=\"text-align: left;\">Estamos <strong>a tus \u00f3rdenes<\/strong>, para cualquier informaci\u00f3n a detalle..<strong> ll\u00e1manos<\/strong> o <strong>escr\u00edbenos<\/strong>, <strong>con\u00a0 gusto te atenderemos.<br \/><\/strong><\/h4>\n<p>[\/et_pb_text][et_pb_blurb title=\u00bb33 4521 1808&#8243; url=\u00bbtel:\/\/3345211808&#8243; use_icon=\u00bbon\u00bb font_icon=\u00bb&#xf879;||fa||900&#8243; icon_placement=\u00bbleft\u00bb _builder_version=\u00bb4.23.1&#8243; _module_preset=\u00bbdefault\u00bb header_font=\u00bbMontserrat|700|||||||\u00bb header_font_size=\u00bb30px\u00bb global_colors_info=\u00bb{}\u00bb][\/et_pb_blurb][et_pb_blurb title=\u00bb33 1618 5486&#8243; url=\u00bbtel:\/\/3316185486&#8243; use_icon=\u00bbon\u00bb font_icon=\u00bb&#xf232;||fa||400&#8243; icon_color=\u00bb#35b521&#8243; icon_placement=\u00bbleft\u00bb _builder_version=\u00bb4.23.1&#8243; _module_preset=\u00bbdefault\u00bb header_font=\u00bbMontserrat|700|||||||\u00bb header_font_size=\u00bb30px\u00bb global_colors_info=\u00bb{}\u00bb][\/et_pb_blurb][et_pb_blurb title=\u00bbventas@herba.mx\u00bb url=\u00bbmailto:ventas@herba.mx\u00bb use_icon=\u00bbon\u00bb font_icon=\u00bb&#xe076;||divi||400&#8243; icon_placement=\u00bbleft\u00bb _builder_version=\u00bb4.23.1&#8243; _module_preset=\u00bbdefault\u00bb header_font=\u00bbMontserrat|700|||||||\u00bb header_font_size=\u00bb20px\u00bb global_colors_info=\u00bb{}\u00bb][\/et_pb_blurb][et_pb_blurb title=\u00bbdireccion@herba.mx \u00bb url=\u00bbmailto:direccion@herba.mx%20&#8243; use_icon=\u00bbon\u00bb font_icon=\u00bb&#xe076;||divi||400&#8243; icon_placement=\u00bbleft\u00bb _builder_version=\u00bb4.23.1&#8243; _module_preset=\u00bbdefault\u00bb header_font=\u00bbMontserrat|700|||||||\u00bb header_font_size=\u00bb20px\u00bb global_colors_info=\u00bb{}\u00bb][\/et_pb_blurb][\/et_pb_column][et_pb_column type=\u00bb1_2&#8243; _builder_version=\u00bb4.23.1&#8243; _module_preset=\u00bbdefault\u00bb global_colors_info=\u00bb{}\u00bb][et_pb_image src=\u00bbhttps:\/\/herba.mx\/wp-content\/uploads\/2023\/11\/herba10.jpg\u00bb title_text=\u00bbherba10&#8243; _builder_version=\u00bb4.23.1&#8243; _module_preset=\u00bbdefault\u00bb animation_style=\u00bbzoom\u00bb global_colors_info=\u00bb{}\u00bb][\/et_pb_image][\/et_pb_column][\/et_pb_row][\/et_pb_section][et_pb_section fb_built=\u00bb1&#8243; fullwidth=\u00bbon\u00bb theme_builder_area=\u00bbpost_content\u00bb _builder_version=\u00bb4.23.1&#8243; _module_preset=\u00bbdefault\u00bb][et_pb_fullwidth_code _builder_version=\u00bb4.23.1&#8243; _module_preset=\u00bbdefault\u00bb theme_builder_area=\u00bbpost_content\u00bb hover_enabled=\u00bb0&#8243; sticky_enabled=\u00bb0&#8243;]<iframe src=\"https:\/\/www.google.com\/maps\/embed?pb=!1m14!1m8!1m3!1d14920.513413747545!2d-103.4626084!3d20.7860946!3m2!1i1024!2i768!4f13.1!3m3!1m2!1s0x8428a743d1a4b189%3A0x20696852dc34f084!2sACCANTA!5e0!3m2!1ses-419!2smx!4v1701918647767!5m2!1ses-419!2smx\" width=\"100%\" height=\"450\" style=\"border:0;\" allowfullscreen=\"\" loading=\"lazy\" referrerpolicy=\"no-referrer-when-downgrade\"><\/iframe>[\/et_pb_fullwidth_code][\/et_pb_section]<\/p>\n","protected":false},"excerpt":{"rendered":"<p>Estamos a tus \u00f3rdenes, para cualquier informaci\u00f3n a detalle.. ll\u00e1manos o escr\u00edbenos, con\u00a0 gusto te atenderemos.<\/p>\n","protected":false},"author":1,"featured_media":0,"parent":0,"menu_order":0,"comment_status":"closed","ping_status":"closed","template":"","meta":{"_et_pb_use_builder":"on","_et_pb_old_content":"","_et_gb_content_width":"","footnotes":""},"class_list":["post-227","page","type-page","status-publish","hentry"],"_links":{"self":[{"href":"https:\/\/herba.mx\/index.php\/wp-json\/wp\/v2\/pages\/227","targetHints":{"allow":["GET"]}}],"collection":[{"href":"https:\/\/herba.mx\/index.php\/wp-json\/wp\/v2\/pages"}],"about":[{"href":"https:\/\/herba.mx\/index.php\/wp-json\/wp\/v2\/types\/page"}],"author":[{"embeddable":true,"href":"https:\/\/herba.mx\/index.php\/wp-json\/wp\/v2\/users\/1"}],"replies":[{"embeddable":true,"href":"https:\/\/herba.mx\/index.php\/wp-json\/wp\/v2\/comments?post=227"}],"version-history":[{"count":15,"href":"https:\/\/herba.mx\/index.php\/wp-json\/wp\/v2\/pages\/227\/revisions"}],"predecessor-version":[{"id":491,"href":"https:\/\/herba.mx\/index.php\/wp-json\/wp\/v2\/pages\/227\/revisions\/491"}],"wp:attachment":[{"href":"https:\/\/herba.mx\/index.php\/wp-json\/wp\/v2\/media?parent=227"}],"curies":[{"name":"wp","href":"https:\/\/api.w.org\/{rel}","templated":true}]}}